{"id":1524,"date":"2021-10-06T13:24:17","date_gmt":"2021-10-06T11:24:17","guid":{"rendered":"https:\/\/karriere-fresenius-kabi.at\/?page_id=1524"},"modified":"2026-02-13T09:24:56","modified_gmt":"2026-02-13T08:24:56","slug":"impressum","status":"publish","type":"page","link":"https:\/\/karriere-fresenius-kabi.at\/en\/impressum\/","title":{"rendered":"Imprint"},"content":{"rendered":"<div class=\"fusion-fullwidth fullwidth-box fusion-builder-row-1 fusion-flex-container nonhundred-percent-fullwidth non-hundred-percent-height-scrolling\" style=\"background-color: #ffffff;background-position: center center;background-repeat: no-repeat;border-width: 0px 0px 0px 0px;border-color:#e2e2e2;border-style:solid;\" ><div class=\"fusion-builder-row fusion-row fusion-flex-align-items-flex-start\" style=\"max-width:1248px;margin-left: calc(-4% \/ 2 );margin-right: calc(-4% \/ 2 );\"><div class=\"fusion-layout-column fusion_builder_column fusion-builder-column-0 fusion_builder_column_1_1 1_1 fusion-flex-column\"><div class=\"fusion-column-wrapper fusion-flex-justify-content-flex-start fusion-content-layout-column\" style=\"background-position:left top;background-repeat:no-repeat;-webkit-background-size:cover;-moz-background-size:cover;-o-background-size:cover;background-size:cover;padding: 0px 0px 0px 0px;\"><style type=\"text\/css\">@media only screen and (max-width:1024px) {.fusion-title.fusion-title-1{margin-top:10px!important; margin-right:0px!important;margin-bottom:2rem!important;margin-left:0px!important;}}@media only screen and (max-width:800px) {.fusion-title.fusion-title-1{margin-top:10px!important; margin-right:0px!important;margin-bottom:10px!important; margin-left:0px!important;}}<\/style><div class=\"fusion-title title fusion-title-1 fusion-sep-none fusion-title-center fusion-title-text fusion-title-size-two\" style=\"margin-top:10px;margin-right:0px;margin-bottom:2rem;margin-left:0px;\"><h2 class=\"title-heading-center fusion-responsive-typography-calculated\" style=\"margin:0;color:#0063be;--fontSize:32;line-height:1.2;\">Imprint<\/h2><\/div><div class=\"fusion-text fusion-text-1\"><p><b>FRESENIUS KABI AUSTRIA GmbH<\/b><\/p>\n<p>Hafnerstra\u00dfe 36<br \/>\n8055 Graz<br \/>\nAustria<br \/>\nTelefon: +43 316 249 0<br \/>\nFax: +43 316 249 1422<\/p>\n<p>E-Mail: <a href=\"mailto:info-atgr@fresenius-kabi.com\" target=\"_blank\" rel=\"noopener noreferrer\"><b>info-atgr@fresenius-kabi.com<\/b><\/a><\/p>\n<p>www.fresenius-kabi.com\/de-at<\/p>\n<p>GmbH, Headquarters Graz, Branch Linz;<br \/>\n<span style=\"color: var(--body_typography-color); font-family: var(--body_typography-font-family); font-size: var(--body_typography-font-size); font-style: var(--body_typography-font-style,normal); font-weight: var(--body_typography-font-weight); letter-spacing: var(--body_typography-letter-spacing);\">Firmenbuchnummer 78256 h<br \/>\n<\/span><span style=\"color: var(--body_typography-color); font-family: var(--body_typography-font-family); font-size: var(--body_typography-font-size); font-style: var(--body_typography-font-style,normal); font-weight: var(--body_typography-font-weight); letter-spacing: var(--body_typography-letter-spacing);\">Landesgericht f\u00fcr ZRS Graz<br \/>\n<\/span><span style=\"color: var(--body_typography-color); font-family: var(--body_typography-font-family); font-size: var(--body_typography-font-size); font-style: var(--body_typography-font-style,normal); font-weight: var(--body_typography-font-weight); letter-spacing: var(--body_typography-letter-spacing);\">UID: ATU 22978400<br \/>\n<\/span><span style=\"color: var(--body_typography-color); font-family: var(--body_typography-font-family); font-size: var(--body_typography-font-size); font-style: var(--body_typography-font-style,normal); font-weight: var(--body_typography-font-weight); letter-spacing: var(--body_typography-letter-spacing);\">DVR: 0662721<\/span><\/p>\n<p>Management: Dr. Alexander Hohl, Mag. (FH) Michael Mayr<br \/>\n<span style=\"color: var(--body_typography-color); font-family: var(--body_typography-font-family); font-size: var(--body_typography-font-size); font-style: var(--body_typography-font-style,normal); font-weight: var(--body_typography-font-weight); letter-spacing: var(--body_typography-letter-spacing);\">Zust\u00e4ndige Gewerbebeh\u00f6rde: Magistrat der Stadt Graz<br \/>\n<\/span><span style=\"color: var(--body_typography-color); font-family: var(--body_typography-font-family); font-size: var(--body_typography-font-size); font-style: var(--body_typography-font-style,normal); font-weight: var(--body_typography-font-weight); letter-spacing: var(--body_typography-letter-spacing);\">Kammerzugeh\u00f6rigkeit: Mitglied der Wirtschaftskammer \u00d6sterreich<br \/>\n<\/span><span style=\"color: var(--body_typography-color); font-family: var(--body_typography-font-family); font-size: var(--body_typography-font-size); font-style: var(--body_typography-font-style,normal); font-weight: var(--body_typography-font-weight); letter-spacing: var(--body_typography-letter-spacing);\">Anwendbare gewerbe- oder berufsrechtliche Vorschriften: Gewerbeordnung und Arzneimittelgesetz abrufbar unter <\/span><a style=\"font-family: var(--body_typography-font-family); font-size: var(--body_typography-font-size); font-style: var(--body_typography-font-style,normal); font-weight: var(--body_typography-font-weight); letter-spacing: var(--body_typography-letter-spacing);\" href=\"http:\/\/www.ris.bka.gv.at\/\" target=\"_blank\" rel=\"noopener\"><b>www.ris.bka.gv.at<\/b><\/a><b><br \/>\n<\/b><span style=\"color: var(--body_typography-color); font-family: var(--body_typography-font-family); font-size: var(--body_typography-font-size); font-style: var(--body_typography-font-style,normal); font-weight: var(--body_typography-font-weight); letter-spacing: var(--body_typography-letter-spacing);\">Zust\u00e4ndige Aufsichtsbeh\u00f6rde: Bundesamt f\u00fcr Sicherheit im Gesundheitswesen<br \/>\n<\/span><span style=\"color: var(--body_typography-color); font-family: var(--body_typography-font-family); font-size: var(--body_typography-font-size); font-style: var(--body_typography-font-style,normal); font-weight: var(--body_typography-font-weight); letter-spacing: var(--body_typography-letter-spacing);\">Unternehmensgegenstand: Entwicklung, Herstellung und den Vertrieb von Produkten f\u00fcr die Infusions- und Ern\u00e4hrungstherapie<br \/>\n<\/span><span style=\"color: var(--body_typography-color); font-family: var(--body_typography-font-family); font-size: var(--body_typography-font-size); font-style: var(--body_typography-font-style,normal); font-weight: var(--body_typography-font-weight); letter-spacing: var(--body_typography-letter-spacing);\">Grundlegende Richtung des Mediums: Allgemeine Information \u00fcber Fresenius Kabi Austria GmbH sowie Produktinformation<br \/>\nWebsite Konzept, Design &amp; Development: <strong><a href=\"https:\/\/www.iventa.eu\/leistungen\/employer-branding\/\" target=\"_blank\" rel=\"noopener\">Iventa Employer Branding und Organsiationsentwicklung GmbH<\/a><\/strong><\/span><\/p>\n<p>Copyright Hinweise:<\/p>\n<p>Nachfolgend finden Sie die Copyright-Hinweise der verwendeten Bilder<br \/>\n\u00a9 istockphoto.com<br \/>\n\u00a9 Oliver Wolf<br \/>\n\u00a9 Peter Melbinger<br \/>\n\u00a9 Robert Leitner<br \/>\n\u00a9 Schiffer Photodesign<br \/>\n\u00a9 Foto Kunz<br \/>\n\u00a9 Foto Mirwald<br \/>\n\u00a9 DI(FH) Christian Huber<br \/>\n\u00a9 Karin Bergmann<\/p>\n<\/div><\/div><style type=\"text\/css\">.fusion-body .fusion-builder-column-0{width:100% !important;margin-top : 0px;margin-bottom : 20px;}.fusion-builder-column-0 > .fusion-column-wrapper {padding-top : 0px !important;padding-right : 0px !important;margin-right : 1.92%;padding-bottom : 0px !important;padding-left : 0px !important;margin-left : 1.92%;}@media only screen and (max-width:1024px) {.fusion-body .fusion-builder-column-0{width:100% !important;order : 0;}.fusion-builder-column-0 > .fusion-column-wrapper {margin-right : 1.92%;margin-left : 1.92%;}}@media only screen and (max-width:800px) {.fusion-body .fusion-builder-column-0{width:100% !important;order : 0;}.fusion-builder-column-0 > .fusion-column-wrapper {margin-right : 1.92%;margin-left : 1.92%;}}<\/style><\/div><\/div><style type=\"text\/css\">.fusion-body .fusion-flex-container.fusion-builder-row-1{ padding-top : 3rem;margin-top : 0px;padding-right : 0px;padding-bottom : 3rem;margin-bottom : 0px;padding-left : 0px;}<\/style><\/div>","protected":false},"excerpt":{"rendered":"","protected":false},"author":1,"featured_media":0,"parent":0,"menu_order":0,"comment_status":"closed","ping_status":"closed","template":"100-width.php","meta":{"inline_featured_image":false,"footnotes":""},"class_list":["post-1524","page","type-page","status-publish","hentry"],"yoast_head":"<!-- This site is optimized with the Yoast SEO plugin v25.2 - https:\/\/yoast.com\/wordpress\/plugins\/seo\/ -->\n<title>Impressum - karriere-fresenius-kabi.at<\/title>\n<meta name=\"robots\" content=\"index, follow, max-snippet:-1, max-image-preview:large, max-video-preview:-1\" \/>\n<link rel=\"canonical\" href=\"https:\/\/karriere-fresenius-kabi.at\/en\/impressum\/\" \/>\n<meta property=\"og:locale\" content=\"en_GB\" \/>\n<meta property=\"og:type\" content=\"article\" \/>\n<meta property=\"og:title\" content=\"Impressum - karriere-fresenius-kabi.at\" \/>\n<meta property=\"og:url\" content=\"https:\/\/karriere-fresenius-kabi.at\/en\/impressum\/\" \/>\n<meta property=\"og:site_name\" content=\"karriere-fresenius-kabi.at\" \/>\n<meta property=\"article:modified_time\" content=\"2026-02-13T08:24:56+00:00\" \/>\n<meta name=\"twitter:card\" content=\"summary_large_image\" \/>\n<meta name=\"twitter:label1\" content=\"Estimated reading time\" \/>\n\t<meta name=\"twitter:data1\" content=\"3 minutes\" \/>\n<script type=\"application\/ld+json\" class=\"yoast-schema-graph\">{\"@context\":\"https:\/\/schema.org\",\"@graph\":[{\"@type\":\"WebPage\",\"@id\":\"https:\/\/karriere-fresenius-kabi.at\/impressum\/\",\"url\":\"https:\/\/karriere-fresenius-kabi.at\/impressum\/\",\"name\":\"Impressum - karriere-fresenius-kabi.at\",\"isPartOf\":{\"@id\":\"https:\/\/karriere-fresenius-kabi.at\/#website\"},\"datePublished\":\"2021-10-06T11:24:17+00:00\",\"dateModified\":\"2026-02-13T08:24:56+00:00\",\"breadcrumb\":{\"@id\":\"https:\/\/karriere-fresenius-kabi.at\/impressum\/#breadcrumb\"},\"inLanguage\":\"en-GB\",\"potentialAction\":[{\"@type\":\"ReadAction\",\"target\":[\"https:\/\/karriere-fresenius-kabi.at\/impressum\/\"]}]},{\"@type\":\"BreadcrumbList\",\"@id\":\"https:\/\/karriere-fresenius-kabi.at\/impressum\/#breadcrumb\",\"itemListElement\":[{\"@type\":\"ListItem\",\"position\":1,\"name\":\"Home\",\"item\":\"https:\/\/karriere-fresenius-kabi.at\/\"},{\"@type\":\"ListItem\",\"position\":2,\"name\":\"Impressum\"}]},{\"@type\":\"WebSite\",\"@id\":\"https:\/\/karriere-fresenius-kabi.at\/#website\",\"url\":\"https:\/\/karriere-fresenius-kabi.at\/\",\"name\":\"karriere-fresenius-kabi.at\",\"description\":\"Karriere Fresenius Kabi Austria\",\"publisher\":{\"@id\":\"https:\/\/karriere-fresenius-kabi.at\/#organization\"},\"potentialAction\":[{\"@type\":\"SearchAction\",\"target\":{\"@type\":\"EntryPoint\",\"urlTemplate\":\"https:\/\/karriere-fresenius-kabi.at\/?s={search_term_string}\"},\"query-input\":{\"@type\":\"PropertyValueSpecification\",\"valueRequired\":true,\"valueName\":\"search_term_string\"}}],\"inLanguage\":\"en-GB\"},{\"@type\":\"Organization\",\"@id\":\"https:\/\/karriere-fresenius-kabi.at\/#organization\",\"name\":\"Fresenius Kabi Austria GmbH\",\"url\":\"https:\/\/karriere-fresenius-kabi.at\/\",\"logo\":{\"@type\":\"ImageObject\",\"inLanguage\":\"en-GB\",\"@id\":\"https:\/\/karriere-fresenius-kabi.at\/#\/schema\/logo\/image\/\",\"url\":\"https:\/\/karriere-fresenius-kabi.at\/wp-content\/uploads\/2021\/11\/fresenius-kabi-logo-vector.svg\",\"contentUrl\":\"https:\/\/karriere-fresenius-kabi.at\/wp-content\/uploads\/2021\/11\/fresenius-kabi-logo-vector.svg\",\"width\":\"1024\",\"height\":\"1024\",\"caption\":\"Fresenius Kabi Austria GmbH\"},\"image\":{\"@id\":\"https:\/\/karriere-fresenius-kabi.at\/#\/schema\/logo\/image\/\"}}]}<\/script>\n<!-- \/ Yoast SEO plugin. -->","yoast_head_json":{"title":"Impressum - karriere-fresenius-kabi.at","robots":{"index":"index","follow":"follow","max-snippet":"max-snippet:-1","max-image-preview":"max-image-preview:large","max-video-preview":"max-video-preview:-1"},"canonical":"https:\/\/karriere-fresenius-kabi.at\/en\/impressum\/","og_locale":"en_GB","og_type":"article","og_title":"Impressum - karriere-fresenius-kabi.at","og_url":"https:\/\/karriere-fresenius-kabi.at\/en\/impressum\/","og_site_name":"karriere-fresenius-kabi.at","article_modified_time":"2026-02-13T08:24:56+00:00","twitter_card":"summary_large_image","twitter_misc":{"Estimated reading time":"3 minutes"},"schema":{"@context":"https:\/\/schema.org","@graph":[{"@type":"WebPage","@id":"https:\/\/karriere-fresenius-kabi.at\/impressum\/","url":"https:\/\/karriere-fresenius-kabi.at\/impressum\/","name":"Impressum - karriere-fresenius-kabi.at","isPartOf":{"@id":"https:\/\/karriere-fresenius-kabi.at\/#website"},"datePublished":"2021-10-06T11:24:17+00:00","dateModified":"2026-02-13T08:24:56+00:00","breadcrumb":{"@id":"https:\/\/karriere-fresenius-kabi.at\/impressum\/#breadcrumb"},"inLanguage":"en-GB","potentialAction":[{"@type":"ReadAction","target":["https:\/\/karriere-fresenius-kabi.at\/impressum\/"]}]},{"@type":"BreadcrumbList","@id":"https:\/\/karriere-fresenius-kabi.at\/impressum\/#breadcrumb","itemListElement":[{"@type":"ListItem","position":1,"name":"Home","item":"https:\/\/karriere-fresenius-kabi.at\/"},{"@type":"ListItem","position":2,"name":"Impressum"}]},{"@type":"WebSite","@id":"https:\/\/karriere-fresenius-kabi.at\/#website","url":"https:\/\/karriere-fresenius-kabi.at\/","name":"karriere-fresenius-kabi.at","description":"Karriere Fresenius Kabi Austria","publisher":{"@id":"https:\/\/karriere-fresenius-kabi.at\/#organization"},"potentialAction":[{"@type":"SearchAction","target":{"@type":"EntryPoint","urlTemplate":"https:\/\/karriere-fresenius-kabi.at\/?s={search_term_string}"},"query-input":{"@type":"PropertyValueSpecification","valueRequired":true,"valueName":"search_term_string"}}],"inLanguage":"en-GB"},{"@type":"Organization","@id":"https:\/\/karriere-fresenius-kabi.at\/#organization","name":"Fresenius Kabi Austria GmbH","url":"https:\/\/karriere-fresenius-kabi.at\/","logo":{"@type":"ImageObject","inLanguage":"en-GB","@id":"https:\/\/karriere-fresenius-kabi.at\/#\/schema\/logo\/image\/","url":"https:\/\/karriere-fresenius-kabi.at\/wp-content\/uploads\/2021\/11\/fresenius-kabi-logo-vector.svg","contentUrl":"https:\/\/karriere-fresenius-kabi.at\/wp-content\/uploads\/2021\/11\/fresenius-kabi-logo-vector.svg","width":"1024","height":"1024","caption":"Fresenius Kabi Austria GmbH"},"image":{"@id":"https:\/\/karriere-fresenius-kabi.at\/#\/schema\/logo\/image\/"}}]}},"_links":{"self":[{"href":"https:\/\/karriere-fresenius-kabi.at\/en\/wp-json\/wp\/v2\/pages\/1524","targetHints":{"allow":["GET"]}}],"collection":[{"href":"https:\/\/karriere-fresenius-kabi.at\/en\/wp-json\/wp\/v2\/pages"}],"about":[{"href":"https:\/\/karriere-fresenius-kabi.at\/en\/wp-json\/wp\/v2\/types\/page"}],"author":[{"embeddable":true,"href":"https:\/\/karriere-fresenius-kabi.at\/en\/wp-json\/wp\/v2\/users\/1"}],"replies":[{"embeddable":true,"href":"https:\/\/karriere-fresenius-kabi.at\/en\/wp-json\/wp\/v2\/comments?post=1524"}],"version-history":[{"count":10,"href":"https:\/\/karriere-fresenius-kabi.at\/en\/wp-json\/wp\/v2\/pages\/1524\/revisions"}],"predecessor-version":[{"id":2110,"href":"https:\/\/karriere-fresenius-kabi.at\/en\/wp-json\/wp\/v2\/pages\/1524\/revisions\/2110"}],"wp:attachment":[{"href":"https:\/\/karriere-fresenius-kabi.at\/en\/wp-json\/wp\/v2\/media?parent=1524"}],"curies":[{"name":"wp","href":"https:\/\/api.w.org\/{rel}","templated":true}]}}